{"id":216,"date":"2023-03-17T15:00:28","date_gmt":"2023-03-17T18:00:28","guid":{"rendered":"https:\/\/agostinianomendel.com.br\/lixozero\/?page_id=216"},"modified":"2023-06-29T11:06:56","modified_gmt":"2023-06-29T14:06:56","slug":"blog","status":"publish","type":"page","link":"https:\/\/agostinianomendel.com.br\/lixozero\/index.php\/blog\/","title":{"rendered":"blog"},"content":{"rendered":"\t\t<div data-elementor-type=\"wp-page\" data-elementor-id=\"216\" class=\"elementor elementor-216\">\n\t\t\t\t\t\t\t\t\t<section class=\"elementor-section elementor-top-section elementor-element elementor-element-a5b2c77 elementor-section-full_width elementor-section-height-default elementor-section-height-default\" data-id=\"a5b2c77\" data-element_type=\"section\">\n\t\t\t\t\t\t<div class=\"elementor-container elementor-column-gap-default\">\n\t\t\t\t\t<div class=\"elementor-column elementor-col-100 elementor-top-column elementor-element elementor-element-2d9679f\" data-id=\"2d9679f\" data-element_type=\"column\">\n\t\t\t<div class=\"elementor-widget-wrap\">\n\t\t\t\t\t\t\t\t\t<\/div>\n\t\t<\/div>\n\t\t\t\t\t\t\t<\/div>\n\t\t<\/section>\n\t\t\t\t<section class=\"elementor-section elementor-top-section elementor-element elementor-element-0a6744f elementor-section-boxed elementor-section-height-default elementor-section-height-default\" data-id=\"0a6744f\" data-element_type=\"section\">\n\t\t\t\t\t\t<div class=\"elementor-container elementor-column-gap-default\">\n\t\t\t\t\t<div class=\"elementor-column elementor-col-100 elementor-top-column elementor-element elementor-element-b97a600\" data-id=\"b97a600\" data-element_type=\"column\">\n\t\t\t<div class=\"elementor-widget-wrap elementor-element-populated\">\n\t\t\t\t\t\t\t\t<div class=\"elementor-element elementor-element-b8060a1 elementor-widget elementor-widget-text-editor\" data-id=\"b8060a1\" data-element_type=\"widget\" data-widget_type=\"text-editor.default\">\n\t\t\t\t<div class=\"elementor-widget-container\">\n\t\t\t<style>\/*! elementor - v3.6.4 - 13-04-2022 *\/\n.elementor-widget-text-editor.elementor-drop-cap-view-stacked .elementor-drop-cap{background-color:#818a91;color:#fff}.elementor-widget-text-editor.elementor-drop-cap-view-framed .elementor-drop-cap{color:#818a91;border:3px solid;background-color:transparent}.elementor-widget-text-editor:not(.elementor-drop-cap-view-default) .elementor-drop-cap{margin-top:8px}.elementor-widget-text-editor:not(.elementor-drop-cap-view-default) .elementor-drop-cap-letter{width:1em;height:1em}.elementor-widget-text-editor .elementor-drop-cap{float:left;text-align:center;line-height:1;font-size:50px}.elementor-widget-text-editor .elementor-drop-cap-letter{display:inline-block}<\/style>\t\t\t\t<span style=\"line-height: 1.2;\">Como o projeto lixo zero <span style=\"color: #3b9035; \">impacta<\/span> no meio ambiente<\/span>\t\t\t\t\t\t<\/div>\n\t\t\t\t<\/div>\n\t\t\t\t\t<\/div>\n\t\t<\/div>\n\t\t\t\t\t\t\t<\/div>\n\t\t<\/section>\n\t\t\t\t<section class=\"elementor-section elementor-top-section elementor-element elementor-element-f410468 elementor-section-boxed elementor-section-height-default elementor-section-height-default\" data-id=\"f410468\" data-element_type=\"section\">\n\t\t\t\t\t\t<div class=\"elementor-container elementor-column-gap-default\">\n\t\t\t\t\t<div class=\"elementor-column elementor-col-100 elementor-top-column elementor-element elementor-element-8ee2ee8\" data-id=\"8ee2ee8\" data-element_type=\"column\">\n\t\t\t<div class=\"elementor-widget-wrap elementor-element-populated\">\n\t\t\t\t\t\t\t\t<div class=\"elementor-element elementor-element-a199b1b elementor-widget elementor-widget-text-editor\" data-id=\"a199b1b\" data-element_type=\"widget\" data-widget_type=\"text-editor.default\">\n\t\t\t\t<div class=\"elementor-widget-container\">\n\t\t\t\t\t\t\t<p style=\"text-align: center;\"><span style=\"white-space: pre-wrap;\">Reduzir, reutilizar e reciclar s\u00e3o os primeiros passos para a preserva\u00e7\u00e3o do meio ambiente.<\/span><\/p>\t\t\t\t\t\t<\/div>\n\t\t\t\t<\/div>\n\t\t\t\t\t<\/div>\n\t\t<\/div>\n\t\t\t\t\t\t\t<\/div>\n\t\t<\/section>\n\t\t\t\t<section class=\"elementor-section elementor-top-section elementor-element elementor-element-73e74fd elementor-section-full_width elementor-section-height-default elementor-section-height-default\" data-id=\"73e74fd\" data-element_type=\"section\">\n\t\t\t\t\t\t<div class=\"elementor-container elementor-column-gap-default\">\n\t\t\t\t\t<div class=\"elementor-column elementor-col-100 elementor-top-column elementor-element elementor-element-e1b228b\" data-id=\"e1b228b\" data-element_type=\"column\">\n\t\t\t<div class=\"elementor-widget-wrap elementor-element-populated\">\n\t\t\t\t\t\t\t\t<div class=\"elementor-element elementor-element-5b87119 elementor-widget elementor-widget-flex-cards-widget-id\" data-id=\"5b87119\" data-element_type=\"widget\" data-widget_type=\"flex-cards-widget-id.default\">\n\t\t\t\t<div class=\"elementor-widget-container\">\n\t\t\t\t\t<div class=\"posts-wrapper flex gap-4 w-screen  overflow-x-auto scrollbar-thin scrollbar-trasparent scrollbar-transparent flex-columnMateriais\" style=\"justify-content: space-evenly;\">\n\t\t\t<div class=\"bg-local bg-cover   py-4 wclumnMateriais1 shrink-0  grid  cardMateriais \"id=\"post-32\"  style=\"background-image: url(https:\/\/agostinianomendel.com.br\/lixozero\/wp-content\/uploads\/2023\/03\/post1.jpg-768x242.png);     display: flex;\r\n    justify-content: space-between;\">\r\n    <h1 class=\" p-10 text-white text-2xl wclumnMateriais1 font-semibold my-2 leading-snug self-center blogText\">\r\n      Como diminuir o desmatamento reciclando papel      <span class=\"    blogSubText\">\r\n        ESCRITO POR: Col\u00e9gio Agostiniano Mendel      <\/span>\r\n    <\/h1>\r\n    <a class=\"analytcs-flex-cards\" href=\"https:\/\/agostinianomendel.com.br\/lixozero\/index.php\/2023\/03\/03\/como-diminuir-o-desmatamento\/\">\r\n      <svg width=\"55\" height=\"55\" viewBox=\"0 0 24 24\" fill=\"none\" xmlns=\"http:\/\/www.w3.org\/2000\/svg\"\r\n        style=\" margin-right: 7%;  margin-bottom: 2%;\">\r\n        <g filter=\"url(#filter0_d_24_1066)\">\r\n          <circle cx=\"12\" cy=\"12\" r=\"8\" fill=\"white\" \/>\r\n        <\/g>\r\n        <path\r\n          d=\"M14.6456 11.2987H12.255V8.90806C12.255 8.78126 12.2046 8.65964 12.1149 8.56997C12.0253 8.48031 11.9037 8.42993 11.7769 8.42993C11.65 8.42993 11.5284 8.48031 11.4388 8.56997C11.3491 8.65964 11.2987 8.78126 11.2987 8.90806V11.2987H8.90806C8.78126 11.2987 8.65964 11.3491 8.56997 11.4388C8.48031 11.5284 8.42993 11.65 8.42993 11.7769C8.42993 11.9037 8.48031 12.0253 8.56997 12.1149C8.65964 12.2046 8.78126 12.255 8.90806 12.255H11.2987V14.6456C11.2987 14.7725 11.3491 14.8941 11.4388 14.9837C11.5284 15.0734 11.65 15.1238 11.7769 15.1238C11.9037 15.1238 12.0253 15.0734 12.1149 14.9837C12.2046 14.8941 12.255 14.7725 12.255 14.6456V12.255H14.6456C14.7725 12.255 14.8941 12.2046 14.9837 12.1149C15.0734 12.0253 15.1238 11.9037 15.1238 11.7769C15.1238 11.65 15.0734 11.5284 14.9837 11.4388C14.8941 11.3491 14.7725 11.2987 14.6456 11.2987Z\"\r\n          fill=\"#3B2E15\" \/>\r\n        <defs>\r\n          <filter id=\"filter0_d_24_1066\" x=\"0.876205\" y=\"0.876205\" width=\"22.2476\" height=\"22.2476\"\r\n            filterUnits=\"userSpaceOnUse\" color-interpolation-filters=\"sRGB\">\r\n            <feFlood flood-opacity=\"0\" result=\"BackgroundImageFix\" \/>\r\n            <feColorMatrix in=\"SourceAlpha\" type=\"matrix\" values=\"0 0 0 0 0 0 0 0 0 0 0 0 0 0 0 0 0 0 127 0\"\r\n              result=\"hardAlpha\" \/>\r\n            <feMorphology radius=\"0.446256\" operator=\"dilate\" in=\"SourceAlpha\" result=\"effect1_dropShadow_24_1066\" \/>\r\n            <feOffset \/>\r\n            <feGaussianBlur stdDeviation=\"1.33877\" \/>\r\n            <feComposite in2=\"hardAlpha\" operator=\"out\" \/>\r\n            <feColorMatrix type=\"matrix\" values=\"0 0 0 0 0 0 0 0 0 0 0 0 0 0 0 0 0 0 0.15 0\" \/>\r\n            <feBlend mode=\"normal\" in2=\"BackgroundImageFix\" result=\"effect1_dropShadow_24_1066\" \/>\r\n            <feBlend mode=\"normal\" in=\"SourceGraphic\" in2=\"effect1_dropShadow_24_1066\" result=\"shape\" \/>\r\n          <\/filter>\r\n        <\/defs>\r\n      <\/svg>\r\n    <\/a>\r\n  <\/div>\r\n  \t\t\n<div class=\"bg-local bg-cover   py-4 wclumnMateriais1 shrink-0  grid  cardMateriais \"id=\"post-1182\"  style=\"background-image: url(https:\/\/agostinianomendel.com.br\/lixozero\/wp-content\/uploads\/2023\/03\/textura-de-folha-verde-fundo-de-textura-de-folha-768x512.jpg);     display: flex;\r\n    justify-content: space-between;\">\r\n    <h1 class=\" p-10 text-white text-2xl wclumnMateriais1 font-semibold my-2 leading-snug self-center blogText\">\r\n      O Projeto Lixo Zero Mendel e a BNCC      <span class=\"    blogSubText\">\r\n        ESCRITO POR: Luciana Bar\u00e3o Acu\u00f1a      <\/span>\r\n    <\/h1>\r\n    <a class=\"analytcs-flex-cards\" href=\"https:\/\/agostinianomendel.com.br\/lixozero\/index.php\/2023\/03\/29\/o-projeto-lixo-zero-mendel-e-a-bncc\/\">\r\n      <svg width=\"55\" height=\"55\" viewBox=\"0 0 24 24\" fill=\"none\" xmlns=\"http:\/\/www.w3.org\/2000\/svg\"\r\n        style=\" margin-right: 7%;  margin-bottom: 2%;\">\r\n        <g filter=\"url(#filter0_d_24_1066)\">\r\n          <circle cx=\"12\" cy=\"12\" r=\"8\" fill=\"white\" \/>\r\n        <\/g>\r\n        <path\r\n          d=\"M14.6456 11.2987H12.255V8.90806C12.255 8.78126 12.2046 8.65964 12.1149 8.56997C12.0253 8.48031 11.9037 8.42993 11.7769 8.42993C11.65 8.42993 11.5284 8.48031 11.4388 8.56997C11.3491 8.65964 11.2987 8.78126 11.2987 8.90806V11.2987H8.90806C8.78126 11.2987 8.65964 11.3491 8.56997 11.4388C8.48031 11.5284 8.42993 11.65 8.42993 11.7769C8.42993 11.9037 8.48031 12.0253 8.56997 12.1149C8.65964 12.2046 8.78126 12.255 8.90806 12.255H11.2987V14.6456C11.2987 14.7725 11.3491 14.8941 11.4388 14.9837C11.5284 15.0734 11.65 15.1238 11.7769 15.1238C11.9037 15.1238 12.0253 15.0734 12.1149 14.9837C12.2046 14.8941 12.255 14.7725 12.255 14.6456V12.255H14.6456C14.7725 12.255 14.8941 12.2046 14.9837 12.1149C15.0734 12.0253 15.1238 11.9037 15.1238 11.7769C15.1238 11.65 15.0734 11.5284 14.9837 11.4388C14.8941 11.3491 14.7725 11.2987 14.6456 11.2987Z\"\r\n          fill=\"#3B2E15\" \/>\r\n        <defs>\r\n          <filter id=\"filter0_d_24_1066\" x=\"0.876205\" y=\"0.876205\" width=\"22.2476\" height=\"22.2476\"\r\n            filterUnits=\"userSpaceOnUse\" color-interpolation-filters=\"sRGB\">\r\n            <feFlood flood-opacity=\"0\" result=\"BackgroundImageFix\" \/>\r\n            <feColorMatrix in=\"SourceAlpha\" type=\"matrix\" values=\"0 0 0 0 0 0 0 0 0 0 0 0 0 0 0 0 0 0 127 0\"\r\n              result=\"hardAlpha\" \/>\r\n            <feMorphology radius=\"0.446256\" operator=\"dilate\" in=\"SourceAlpha\" result=\"effect1_dropShadow_24_1066\" \/>\r\n            <feOffset \/>\r\n            <feGaussianBlur stdDeviation=\"1.33877\" \/>\r\n            <feComposite in2=\"hardAlpha\" operator=\"out\" \/>\r\n            <feColorMatrix type=\"matrix\" values=\"0 0 0 0 0 0 0 0 0 0 0 0 0 0 0 0 0 0 0.15 0\" \/>\r\n            <feBlend mode=\"normal\" in2=\"BackgroundImageFix\" result=\"effect1_dropShadow_24_1066\" \/>\r\n            <feBlend mode=\"normal\" in=\"SourceGraphic\" in2=\"effect1_dropShadow_24_1066\" result=\"shape\" \/>\r\n          <\/filter>\r\n        <\/defs>\r\n      <\/svg>\r\n    <\/a>\r\n  <\/div>\r\n  \t\t\n<div class=\"bg-local bg-cover   py-4 wclumnMateriais1 shrink-0  grid  cardMateriais \"id=\"post-1633\"  style=\"background-image: url(https:\/\/agostinianomendel.com.br\/lixozero\/wp-content\/uploads\/2023\/05\/WhatsApp-Image-2023-05-23-at-16.38.08-768x512.jpeg);     display: flex;\r\n    justify-content: space-between;\">\r\n    <h1 class=\" p-10 text-white text-2xl wclumnMateriais1 font-semibold my-2 leading-snug self-center blogText\">\r\n      O que \u00e9 compostagem e como a pr\u00e1tica ajuda o meio ambiente      <span class=\"    blogSubText\">\r\n        ESCRITO POR: Col\u00e9gio Agostiniano Mendel      <\/span>\r\n    <\/h1>\r\n    <a class=\"analytcs-flex-cards\" href=\"https:\/\/agostinianomendel.com.br\/lixozero\/index.php\/2023\/05\/23\/o-que-e-compostagem\/\">\r\n      <svg width=\"55\" height=\"55\" viewBox=\"0 0 24 24\" fill=\"none\" xmlns=\"http:\/\/www.w3.org\/2000\/svg\"\r\n        style=\" margin-right: 7%;  margin-bottom: 2%;\">\r\n        <g filter=\"url(#filter0_d_24_1066)\">\r\n          <circle cx=\"12\" cy=\"12\" r=\"8\" fill=\"white\" \/>\r\n        <\/g>\r\n        <path\r\n          d=\"M14.6456 11.2987H12.255V8.90806C12.255 8.78126 12.2046 8.65964 12.1149 8.56997C12.0253 8.48031 11.9037 8.42993 11.7769 8.42993C11.65 8.42993 11.5284 8.48031 11.4388 8.56997C11.3491 8.65964 11.2987 8.78126 11.2987 8.90806V11.2987H8.90806C8.78126 11.2987 8.65964 11.3491 8.56997 11.4388C8.48031 11.5284 8.42993 11.65 8.42993 11.7769C8.42993 11.9037 8.48031 12.0253 8.56997 12.1149C8.65964 12.2046 8.78126 12.255 8.90806 12.255H11.2987V14.6456C11.2987 14.7725 11.3491 14.8941 11.4388 14.9837C11.5284 15.0734 11.65 15.1238 11.7769 15.1238C11.9037 15.1238 12.0253 15.0734 12.1149 14.9837C12.2046 14.8941 12.255 14.7725 12.255 14.6456V12.255H14.6456C14.7725 12.255 14.8941 12.2046 14.9837 12.1149C15.0734 12.0253 15.1238 11.9037 15.1238 11.7769C15.1238 11.65 15.0734 11.5284 14.9837 11.4388C14.8941 11.3491 14.7725 11.2987 14.6456 11.2987Z\"\r\n          fill=\"#3B2E15\" \/>\r\n        <defs>\r\n          <filter id=\"filter0_d_24_1066\" x=\"0.876205\" y=\"0.876205\" width=\"22.2476\" height=\"22.2476\"\r\n            filterUnits=\"userSpaceOnUse\" color-interpolation-filters=\"sRGB\">\r\n            <feFlood flood-opacity=\"0\" result=\"BackgroundImageFix\" \/>\r\n            <feColorMatrix in=\"SourceAlpha\" type=\"matrix\" values=\"0 0 0 0 0 0 0 0 0 0 0 0 0 0 0 0 0 0 127 0\"\r\n              result=\"hardAlpha\" \/>\r\n            <feMorphology radius=\"0.446256\" operator=\"dilate\" in=\"SourceAlpha\" result=\"effect1_dropShadow_24_1066\" \/>\r\n            <feOffset \/>\r\n            <feGaussianBlur stdDeviation=\"1.33877\" \/>\r\n            <feComposite in2=\"hardAlpha\" operator=\"out\" \/>\r\n            <feColorMatrix type=\"matrix\" values=\"0 0 0 0 0 0 0 0 0 0 0 0 0 0 0 0 0 0 0.15 0\" \/>\r\n            <feBlend mode=\"normal\" in2=\"BackgroundImageFix\" result=\"effect1_dropShadow_24_1066\" \/>\r\n            <feBlend mode=\"normal\" in=\"SourceGraphic\" in2=\"effect1_dropShadow_24_1066\" result=\"shape\" \/>\r\n          <\/filter>\r\n        <\/defs>\r\n      <\/svg>\r\n    <\/a>\r\n  <\/div>\r\n  \t\t\n<div class=\"bg-local bg-cover   py-4 wclumnMateriais1 shrink-0  grid  cardMateriais \"id=\"post-1715\"  style=\"background-image: url(https:\/\/agostinianomendel.com.br\/lixozero\/wp-content\/uploads\/2023\/06\/quais-sao-os-meios-de-transportes-mais-sustentaveis-2.png);     display: flex;\r\n    justify-content: space-between;\">\r\n    <h1 class=\" p-10 text-white text-2xl wclumnMateriais1 font-semibold my-2 leading-snug self-center blogText\">\r\n      Quais s\u00e3o os meios de transporte mais ecol\u00f3gicos?      <span class=\"    blogSubText\">\r\n        ESCRITO POR: Col\u00e9gio Agostiniano Mendel      <\/span>\r\n    <\/h1>\r\n    <a class=\"analytcs-flex-cards\" href=\"https:\/\/agostinianomendel.com.br\/lixozero\/index.php\/2023\/06\/28\/quais-sao-os-meios-de-transporte-mais-ecologicos\/\">\r\n      <svg width=\"55\" height=\"55\" viewBox=\"0 0 24 24\" fill=\"none\" xmlns=\"http:\/\/www.w3.org\/2000\/svg\"\r\n        style=\" margin-right: 7%;  margin-bottom: 2%;\">\r\n        <g filter=\"url(#filter0_d_24_1066)\">\r\n          <circle cx=\"12\" cy=\"12\" r=\"8\" fill=\"white\" \/>\r\n        <\/g>\r\n        <path\r\n          d=\"M14.6456 11.2987H12.255V8.90806C12.255 8.78126 12.2046 8.65964 12.1149 8.56997C12.0253 8.48031 11.9037 8.42993 11.7769 8.42993C11.65 8.42993 11.5284 8.48031 11.4388 8.56997C11.3491 8.65964 11.2987 8.78126 11.2987 8.90806V11.2987H8.90806C8.78126 11.2987 8.65964 11.3491 8.56997 11.4388C8.48031 11.5284 8.42993 11.65 8.42993 11.7769C8.42993 11.9037 8.48031 12.0253 8.56997 12.1149C8.65964 12.2046 8.78126 12.255 8.90806 12.255H11.2987V14.6456C11.2987 14.7725 11.3491 14.8941 11.4388 14.9837C11.5284 15.0734 11.65 15.1238 11.7769 15.1238C11.9037 15.1238 12.0253 15.0734 12.1149 14.9837C12.2046 14.8941 12.255 14.7725 12.255 14.6456V12.255H14.6456C14.7725 12.255 14.8941 12.2046 14.9837 12.1149C15.0734 12.0253 15.1238 11.9037 15.1238 11.7769C15.1238 11.65 15.0734 11.5284 14.9837 11.4388C14.8941 11.3491 14.7725 11.2987 14.6456 11.2987Z\"\r\n          fill=\"#3B2E15\" \/>\r\n        <defs>\r\n          <filter id=\"filter0_d_24_1066\" x=\"0.876205\" y=\"0.876205\" width=\"22.2476\" height=\"22.2476\"\r\n            filterUnits=\"userSpaceOnUse\" color-interpolation-filters=\"sRGB\">\r\n            <feFlood flood-opacity=\"0\" result=\"BackgroundImageFix\" \/>\r\n            <feColorMatrix in=\"SourceAlpha\" type=\"matrix\" values=\"0 0 0 0 0 0 0 0 0 0 0 0 0 0 0 0 0 0 127 0\"\r\n              result=\"hardAlpha\" \/>\r\n            <feMorphology radius=\"0.446256\" operator=\"dilate\" in=\"SourceAlpha\" result=\"effect1_dropShadow_24_1066\" \/>\r\n            <feOffset \/>\r\n            <feGaussianBlur stdDeviation=\"1.33877\" \/>\r\n            <feComposite in2=\"hardAlpha\" operator=\"out\" \/>\r\n            <feColorMatrix type=\"matrix\" values=\"0 0 0 0 0 0 0 0 0 0 0 0 0 0 0 0 0 0 0.15 0\" \/>\r\n            <feBlend mode=\"normal\" in2=\"BackgroundImageFix\" result=\"effect1_dropShadow_24_1066\" \/>\r\n            <feBlend mode=\"normal\" in=\"SourceGraphic\" in2=\"effect1_dropShadow_24_1066\" result=\"shape\" \/>\r\n          <\/filter>\r\n        <\/defs>\r\n      <\/svg>\r\n    <\/a>\r\n  <\/div>\r\n  \t\t\n<div class=\"bg-local bg-cover   py-4 wclumnMateriais1 shrink-0  grid  cardMateriais \"id=\"post-1734\"  style=\"background-image: url(https:\/\/agostinianomendel.com.br\/lixozero\/wp-content\/uploads\/2023\/07\/capsulas_de_cafA\u00a9-768x506.png);     display: flex;\r\n    justify-content: space-between;\">\r\n    <h1 class=\" p-10 text-white text-2xl wclumnMateriais1 font-semibold my-2 leading-snug self-center blogText\">\r\n      Como descartar as suas c\u00e1psulas de caf\u00e9 corretamente      <span class=\"    blogSubText\">\r\n        ESCRITO POR: Col\u00e9gio Agostiniano Mendel      <\/span>\r\n    <\/h1>\r\n    <a class=\"analytcs-flex-cards\" href=\"https:\/\/agostinianomendel.com.br\/lixozero\/index.php\/2023\/07\/27\/como-descartar-as-suas-capsulas-de-cafe-corretamente\/\">\r\n      <svg width=\"55\" height=\"55\" viewBox=\"0 0 24 24\" fill=\"none\" xmlns=\"http:\/\/www.w3.org\/2000\/svg\"\r\n        style=\" margin-right: 7%;  margin-bottom: 2%;\">\r\n        <g filter=\"url(#filter0_d_24_1066)\">\r\n          <circle cx=\"12\" cy=\"12\" r=\"8\" fill=\"white\" \/>\r\n        <\/g>\r\n        <path\r\n          d=\"M14.6456 11.2987H12.255V8.90806C12.255 8.78126 12.2046 8.65964 12.1149 8.56997C12.0253 8.48031 11.9037 8.42993 11.7769 8.42993C11.65 8.42993 11.5284 8.48031 11.4388 8.56997C11.3491 8.65964 11.2987 8.78126 11.2987 8.90806V11.2987H8.90806C8.78126 11.2987 8.65964 11.3491 8.56997 11.4388C8.48031 11.5284 8.42993 11.65 8.42993 11.7769C8.42993 11.9037 8.48031 12.0253 8.56997 12.1149C8.65964 12.2046 8.78126 12.255 8.90806 12.255H11.2987V14.6456C11.2987 14.7725 11.3491 14.8941 11.4388 14.9837C11.5284 15.0734 11.65 15.1238 11.7769 15.1238C11.9037 15.1238 12.0253 15.0734 12.1149 14.9837C12.2046 14.8941 12.255 14.7725 12.255 14.6456V12.255H14.6456C14.7725 12.255 14.8941 12.2046 14.9837 12.1149C15.0734 12.0253 15.1238 11.9037 15.1238 11.7769C15.1238 11.65 15.0734 11.5284 14.9837 11.4388C14.8941 11.3491 14.7725 11.2987 14.6456 11.2987Z\"\r\n          fill=\"#3B2E15\" \/>\r\n        <defs>\r\n          <filter id=\"filter0_d_24_1066\" x=\"0.876205\" y=\"0.876205\" width=\"22.2476\" height=\"22.2476\"\r\n            filterUnits=\"userSpaceOnUse\" color-interpolation-filters=\"sRGB\">\r\n            <feFlood flood-opacity=\"0\" result=\"BackgroundImageFix\" \/>\r\n            <feColorMatrix in=\"SourceAlpha\" type=\"matrix\" values=\"0 0 0 0 0 0 0 0 0 0 0 0 0 0 0 0 0 0 127 0\"\r\n              result=\"hardAlpha\" \/>\r\n            <feMorphology radius=\"0.446256\" operator=\"dilate\" in=\"SourceAlpha\" result=\"effect1_dropShadow_24_1066\" \/>\r\n            <feOffset \/>\r\n            <feGaussianBlur stdDeviation=\"1.33877\" \/>\r\n            <feComposite in2=\"hardAlpha\" operator=\"out\" \/>\r\n            <feColorMatrix type=\"matrix\" values=\"0 0 0 0 0 0 0 0 0 0 0 0 0 0 0 0 0 0 0.15 0\" \/>\r\n            <feBlend mode=\"normal\" in2=\"BackgroundImageFix\" result=\"effect1_dropShadow_24_1066\" \/>\r\n            <feBlend mode=\"normal\" in=\"SourceGraphic\" in2=\"effect1_dropShadow_24_1066\" result=\"shape\" \/>\r\n          <\/filter>\r\n        <\/defs>\r\n      <\/svg>\r\n    <\/a>\r\n  <\/div>\r\n  \t\t\n\t<\/div>\n\t\t\t<\/div>\n\t\t\t\t<\/div>\n\t\t\t\t\t<\/div>\n\t\t<\/div>\n\t\t\t\t\t\t\t<\/div>\n\t\t<\/section>\n\t\t\t\t\t\t\t<\/div>\n\t\t","protected":false},"excerpt":{"rendered":"<p>Como o projeto lixo zero impacta no meio ambiente Reduzir, reutilizar e reciclar s\u00e3o os primeiros passos para a preserva\u00e7\u00e3o do meio ambiente. Como diminuir o desmatamento reciclando papel ESCRITO POR: Col\u00e9gio Agostiniano Mendel O Projeto Lixo Zero Mendel e a BNCC ESCRITO POR: Luciana Bar\u00e3o Acu\u00f1a O que \u00e9 compostagem e como a pr\u00e1tica [&hellip;]<\/p>\n","protected":false},"author":1,"featured_media":0,"parent":0,"menu_order":0,"comment_status":"closed","ping_status":"closed","template":"","meta":{"footnotes":""},"class_list":["post-216","page","type-page","status-publish","hentry"],"_links":{"self":[{"href":"https:\/\/agostinianomendel.com.br\/lixozero\/index.php\/wp-json\/wp\/v2\/pages\/216","targetHints":{"allow":["GET"]}}],"collection":[{"href":"https:\/\/agostinianomendel.com.br\/lixozero\/index.php\/wp-json\/wp\/v2\/pages"}],"about":[{"href":"https:\/\/agostinianomendel.com.br\/lixozero\/index.php\/wp-json\/wp\/v2\/types\/page"}],"author":[{"embeddable":true,"href":"https:\/\/agostinianomendel.com.br\/lixozero\/index.php\/wp-json\/wp\/v2\/users\/1"}],"replies":[{"embeddable":true,"href":"https:\/\/agostinianomendel.com.br\/lixozero\/index.php\/wp-json\/wp\/v2\/comments?post=216"}],"version-history":[{"count":102,"href":"https:\/\/agostinianomendel.com.br\/lixozero\/index.php\/wp-json\/wp\/v2\/pages\/216\/revisions"}],"predecessor-version":[{"id":1732,"href":"https:\/\/agostinianomendel.com.br\/lixozero\/index.php\/wp-json\/wp\/v2\/pages\/216\/revisions\/1732"}],"wp:attachment":[{"href":"https:\/\/agostinianomendel.com.br\/lixozero\/index.php\/wp-json\/wp\/v2\/media?parent=216"}],"curies":[{"name":"wp","href":"https:\/\/api.w.org\/{rel}","templated":true}]}}